{"id":985,"date":"2026-01-19T11:41:25","date_gmt":"2026-01-19T10:41:25","guid":{"rendered":"https:\/\/odvjetnik-olujic.hr\/opci-uvjeti-poslovanja\/"},"modified":"2026-01-29T14:47:37","modified_gmt":"2026-01-29T13:47:37","slug":"terms-and-conditions","status":"publish","type":"page","link":"https:\/\/odvjetnik-olujic.hr\/en\/terms-and-conditions\/","title":{"rendered":"Terms and Conditions"},"content":{"rendered":"\n<p><strong>Article 1<\/strong><\/p>\n\n\n\n<p><strong>Subject Matter of the Attorney\u2019s General Terms and Conditions<\/strong><\/p>\n\n\n\n<p><strong>1.1<\/strong> These General Terms and Conditions of the Attorney constitute the business terms of the law firm <strong>Oluji\u0107 &amp; Partners<\/strong>, seated in Split (hereinafter: the <strong>Attorney<\/strong>), governing the mutual rights and obligations of the Attorney on the one hand and the users of the Attorney\u2019s services (parties \/ Client \/ \u0437\u0430\u043a\u0430\u0437odavac \/ grantor of power of attorney \u2014 hereinafter collectively and individually: the <strong>Client<\/strong>) on the other hand, and relating to the provision and use of the services provided by the Attorney (hereinafter: the <strong>Services<\/strong>).<\/p>\n\n\n\n<p>All mutual relations between the Attorney and the Client that are not specifically regulated by these General Terms and Conditions shall be governed by the Civil Obligations Act and all other applicable regulations of the Republic of Croatia.<\/p>\n\n\n\n<p><strong>1.2<\/strong> These General Terms and Conditions also regulate the manner in which the Client and the Attorney establish a contractual relationship regarding the services provided by the Attorney. The Offer, the Instruction, the Representation Agreement, and these General Terms and Conditions together constitute the Services Agreement within the meaning of these General Terms and Conditions and form an integral part thereof. If the Client has also issued a power of attorney for certain services, the Attorney\u2019s General Conditions of Representation stated in the power of attorney and other documentation to which the Instruction may refer shall also apply; the same shall be binding on the Client and shall form an integral part of the contract concluded with the Client.<\/p>\n\n\n\n<p>The contract concluded by the Attorney and the Client regulates their mutual relations (hereinafter: the <strong>Contractual Relationship<\/strong>).<\/p>\n\n\n\n<p><strong>1.3<\/strong> For the purposes of these General Terms and Conditions, the following terms shall have the meanings set out below:<\/p>\n\n\n\n<ul class=\"wp-block-list\">\n<li><strong>Attorney<\/strong> \u2013 refers to <strong>Oluji\u0107 &amp; Partneri d.o.o. Law Firm<\/strong>, i.e. attorneys Domagoj Oluji\u0107, Iva Oluji\u0107, and Katarina Prgomet, with the registered office of the law office in Split, Narodni trg 2, OIB: 18702461188.<\/li>\n<\/ul>\n\n\n\n<ul class=\"wp-block-list\">\n<li><strong>Client<\/strong> \u2013 a legally capable natural or legal person who has ordered the services provided by the Attorney.<\/li>\n<\/ul>\n\n\n\n<ul class=\"wp-block-list\">\n<li><strong>Instruction<\/strong> \u2013 an oral or written order or request, or an order issued or delivered by electronic communication, by which the Client instructs the Attorney to perform a service or services under the terms and on the basis of the Offer and these General Terms and Conditions, thereby accepting them and undertaking to pay the price stated in the Offer; a power of attorney issued by the Client to the Attorney shall be deemed an instruction or order to perform the service, and for the purpose of calculating the value of the Attorney\u2019s services in such case, these General Terms and Conditions and the Attorney\u2019s General Conditions of Representation shall apply.<\/li>\n<\/ul>\n\n\n\n<ul class=\"wp-block-list\">\n<li><strong>Offer<\/strong> \u2013 a written or oral response of the Attorney to the Client\u2019s inquiry or request, containing an exact or more detailed description of the service to be provided to the Client or referring to services performed by the Attorney in accordance with the regulations governing the provision of legal services, and containing the price or the method of determining the price and the deadline for performance of the Service, with reference to these General Terms and Conditions.<\/li>\n<\/ul>\n\n\n\n<ul class=\"wp-block-list\">\n<li><strong>Contract<\/strong> \u2013 a contract for the provision of services concluded between the Attorney and the Client orally, in writing, by email, telephone, fax, or electronically (e.g. by SMS, Viber, etc.), of which these General Terms and Conditions form an integral part, unless wholly or partially excluded by the contract; the contract may also be concluded at a distance.<\/li>\n<\/ul>\n\n\n\n<ul class=\"wp-block-list\">\n<li><strong>Service<\/strong> \u2013 a service in the field of legal services or law, or any other service provided by the Attorney, stated in the Offer and ordered by the Client, i.e. for which a Contract has been concluded.<\/li>\n<\/ul>\n\n\n\n<ul class=\"wp-block-list\">\n<li><strong>Request<\/strong> \u2013 any oral, written, or electronic request\/inquiry of the Client submitted to the Attorney for an Offer.<\/li>\n<\/ul>\n\n\n\n<ul class=\"wp-block-list\">\n<li><strong>Price<\/strong> \u2013 a fixed amount the Client is obliged to pay the Attorney for the provided service pursuant to the Offer, or an amount that can be calculated based on the elements contained in the Offer, whereby the final price depends on the scope of the service to be performed by the Attorney for the Client, as more precisely specified in the Offer itself.<\/li>\n<\/ul>\n\n\n\n<ul class=\"wp-block-list\">\n<li><strong>Deposit<\/strong> \u2013 an amount that, in certain cases, the Client pays before the commencement of the Service; upon payment of the Deposit, the Contract between the Client and the Attorney shall be deemed concluded.<\/li>\n<\/ul>\n\n\n\n<ul class=\"wp-block-list\">\n<li><strong>Attorney\u2019s General Conditions of Representation<\/strong> \u2013 the general conditions under which the Attorney represents clients, published on the Attorney\u2019s website: https:\/\/odvjetnik-olujic.hr\/en\/terms-and-conditions<\/li>\n<\/ul>\n\n\n\n<p><\/p>\n","protected":false},"excerpt":{"rendered":"<p>Article 1 Subject Matter of the Attorney\u2019s General Terms and Conditions 1.1 These General Terms and Conditions of the Attorney constitute the business terms of the law firm Oluji\u0107 &amp; Partners, seated in Split (hereinafter: the Attorney), governing the mutual rights and obligations of the Attorney on the one hand and the users of the [&hellip;]<\/p>\n","protected":false},"author":1,"featured_media":521,"parent":0,"menu_order":0,"comment_status":"closed","ping_status":"closed","template":"","meta":{"_acf_changed":false,"inline_featured_image":false,"footnotes":""},"class_list":["post-985","page","type-page","status-publish","has-post-thumbnail","hentry"],"acf":[],"yoast_head":"<!-- This site is optimized with the Yoast SEO plugin v26.9 - https:\/\/yoast.com\/product\/yoast-seo-wordpress\/ -->\n<title>Odvjetni\u010dko dru\u0161tvo Oluji\u0107 &amp; partneri<\/title>\n<meta name=\"robots\" content=\"index, follow, max-snippet:-1, max-image-preview:large, max-video-preview:-1\" \/>\n<link rel=\"canonical\" href=\"https:\/\/odvjetnik-olujic.hr\/en\/terms-and-conditions\/\" \/>\n<meta property=\"og:locale\" content=\"en_US\" \/>\n<meta property=\"og:type\" content=\"article\" \/>\n<meta property=\"og:title\" content=\"Odvjetni\u010dko dru\u0161tvo Oluji\u0107 &amp; partneri\" \/>\n<meta property=\"og:description\" content=\"Article 1 Subject Matter of the Attorney\u2019s General Terms and Conditions 1.1 These General Terms and Conditions of the Attorney constitute the business terms of the law firm Oluji\u0107 &amp; Partners, seated in Split (hereinafter: the Attorney), governing the mutual rights and obligations of the Attorney on the one hand and the users of the [&hellip;]\" \/>\n<meta property=\"og:url\" content=\"https:\/\/odvjetnik-olujic.hr\/en\/terms-and-conditions\/\" \/>\n<meta property=\"og:site_name\" content=\"Oluji\u0107 Law Company\" \/>\n<meta property=\"article:modified_time\" content=\"2026-01-29T13:47:37+00:00\" \/>\n<meta property=\"og:image\" content=\"https:\/\/odvjetnik-olujic.hr\/wp-content\/uploads\/2025\/12\/Ured-2-1-2.webp\" \/>\n\t<meta property=\"og:image:width\" content=\"1920\" \/>\n\t<meta property=\"og:image:height\" content=\"1280\" \/>\n\t<meta property=\"og:image:type\" content=\"image\/webp\" \/>\n<meta name=\"twitter:card\" content=\"summary_large_image\" \/>\n<meta name=\"twitter:label1\" content=\"Est. reading time\" \/>\n\t<meta name=\"twitter:data1\" content=\"4 minutes\" \/>\n<script type=\"application\/ld+json\" class=\"yoast-schema-graph\">{\"@context\":\"https:\/\/schema.org\",\"@graph\":[{\"@type\":\"WebPage\",\"@id\":\"https:\/\/odvjetnik-olujic.hr\/en\/terms-and-conditions\/\",\"url\":\"https:\/\/odvjetnik-olujic.hr\/en\/terms-and-conditions\/\",\"name\":\"Odvjetni\u010dko dru\u0161tvo Oluji\u0107 & partneri\",\"isPartOf\":{\"@id\":\"https:\/\/odvjetnik-olujic.hr\/#website\"},\"primaryImageOfPage\":{\"@id\":\"https:\/\/odvjetnik-olujic.hr\/en\/terms-and-conditions\/#primaryimage\"},\"image\":{\"@id\":\"https:\/\/odvjetnik-olujic.hr\/en\/terms-and-conditions\/#primaryimage\"},\"thumbnailUrl\":\"https:\/\/odvjetnik-olujic.hr\/wp-content\/uploads\/2025\/12\/Ured-2-1-2.webp\",\"datePublished\":\"2026-01-19T10:41:25+00:00\",\"dateModified\":\"2026-01-29T13:47:37+00:00\",\"breadcrumb\":{\"@id\":\"https:\/\/odvjetnik-olujic.hr\/en\/terms-and-conditions\/#breadcrumb\"},\"inLanguage\":\"en-US\",\"potentialAction\":[{\"@type\":\"ReadAction\",\"target\":[\"https:\/\/odvjetnik-olujic.hr\/en\/terms-and-conditions\/\"]}]},{\"@type\":\"ImageObject\",\"inLanguage\":\"en-US\",\"@id\":\"https:\/\/odvjetnik-olujic.hr\/en\/terms-and-conditions\/#primaryimage\",\"url\":\"https:\/\/odvjetnik-olujic.hr\/wp-content\/uploads\/2025\/12\/Ured-2-1-2.webp\",\"contentUrl\":\"https:\/\/odvjetnik-olujic.hr\/wp-content\/uploads\/2025\/12\/Ured-2-1-2.webp\",\"width\":1920,\"height\":1280},{\"@type\":\"BreadcrumbList\",\"@id\":\"https:\/\/odvjetnik-olujic.hr\/en\/terms-and-conditions\/#breadcrumb\",\"itemListElement\":[{\"@type\":\"ListItem\",\"position\":1,\"name\":\"Po\u010detna stranica\",\"item\":\"https:\/\/odvjetnik-olujic.hr\/\"},{\"@type\":\"ListItem\",\"position\":2,\"name\":\"Terms and Conditions\"}]},{\"@type\":\"WebSite\",\"@id\":\"https:\/\/odvjetnik-olujic.hr\/#website\",\"url\":\"https:\/\/odvjetnik-olujic.hr\/\",\"name\":\"Odvjetni\u010dko dru\u0161tvo Oluji\u0107 & partneri\",\"description\":\"Odvjetni\u010dko dru\u0161tvo Oluji\u0107 &amp; partneri\",\"publisher\":{\"@id\":\"https:\/\/odvjetnik-olujic.hr\/#organization\"},\"potentialAction\":[{\"@type\":\"SearchAction\",\"target\":{\"@type\":\"EntryPoint\",\"urlTemplate\":\"https:\/\/odvjetnik-olujic.hr\/?s={search_term_string}\"},\"query-input\":{\"@type\":\"PropertyValueSpecification\",\"valueRequired\":true,\"valueName\":\"search_term_string\"}}],\"inLanguage\":\"en-US\"},{\"@type\":\"Organization\",\"@id\":\"https:\/\/odvjetnik-olujic.hr\/#organization\",\"name\":\"Odvjetni\u010dko dru\u0161tvo Oluji\u0107 & partneri\",\"url\":\"https:\/\/odvjetnik-olujic.hr\/\",\"logo\":{\"@type\":\"ImageObject\",\"inLanguage\":\"en-US\",\"@id\":\"https:\/\/odvjetnik-olujic.hr\/#\/schema\/logo\/image\/\",\"url\":\"https:\/\/odvjetnik-olujic.hr\/wp-content\/uploads\/2025\/12\/Ured-2-1.webp\",\"contentUrl\":\"https:\/\/odvjetnik-olujic.hr\/wp-content\/uploads\/2025\/12\/Ured-2-1.webp\",\"width\":1920,\"height\":1280,\"caption\":\"Odvjetni\u010dko dru\u0161tvo Oluji\u0107 & partneri\"},\"image\":{\"@id\":\"https:\/\/odvjetnik-olujic.hr\/#\/schema\/logo\/image\/\"}}]}<\/script>\n<!-- \/ Yoast SEO plugin. -->","yoast_head_json":{"title":"Odvjetni\u010dko dru\u0161tvo Oluji\u0107 & partneri","robots":{"index":"index","follow":"follow","max-snippet":"max-snippet:-1","max-image-preview":"max-image-preview:large","max-video-preview":"max-video-preview:-1"},"canonical":"https:\/\/odvjetnik-olujic.hr\/en\/terms-and-conditions\/","og_locale":"en_US","og_type":"article","og_title":"Odvjetni\u010dko dru\u0161tvo Oluji\u0107 & partneri","og_description":"Article 1 Subject Matter of the Attorney\u2019s General Terms and Conditions 1.1 These General Terms and Conditions of the Attorney constitute the business terms of the law firm Oluji\u0107 &amp; Partners, seated in Split (hereinafter: the Attorney), governing the mutual rights and obligations of the Attorney on the one hand and the users of the [&hellip;]","og_url":"https:\/\/odvjetnik-olujic.hr\/en\/terms-and-conditions\/","og_site_name":"Oluji\u0107 Law Company","article_modified_time":"2026-01-29T13:47:37+00:00","og_image":[{"width":1920,"height":1280,"url":"https:\/\/odvjetnik-olujic.hr\/wp-content\/uploads\/2025\/12\/Ured-2-1-2.webp","type":"image\/webp"}],"twitter_card":"summary_large_image","twitter_misc":{"Est. reading time":"4 minutes"},"schema":{"@context":"https:\/\/schema.org","@graph":[{"@type":"WebPage","@id":"https:\/\/odvjetnik-olujic.hr\/en\/terms-and-conditions\/","url":"https:\/\/odvjetnik-olujic.hr\/en\/terms-and-conditions\/","name":"Odvjetni\u010dko dru\u0161tvo Oluji\u0107 & partneri","isPartOf":{"@id":"https:\/\/odvjetnik-olujic.hr\/#website"},"primaryImageOfPage":{"@id":"https:\/\/odvjetnik-olujic.hr\/en\/terms-and-conditions\/#primaryimage"},"image":{"@id":"https:\/\/odvjetnik-olujic.hr\/en\/terms-and-conditions\/#primaryimage"},"thumbnailUrl":"https:\/\/odvjetnik-olujic.hr\/wp-content\/uploads\/2025\/12\/Ured-2-1-2.webp","datePublished":"2026-01-19T10:41:25+00:00","dateModified":"2026-01-29T13:47:37+00:00","breadcrumb":{"@id":"https:\/\/odvjetnik-olujic.hr\/en\/terms-and-conditions\/#breadcrumb"},"inLanguage":"en-US","potentialAction":[{"@type":"ReadAction","target":["https:\/\/odvjetnik-olujic.hr\/en\/terms-and-conditions\/"]}]},{"@type":"ImageObject","inLanguage":"en-US","@id":"https:\/\/odvjetnik-olujic.hr\/en\/terms-and-conditions\/#primaryimage","url":"https:\/\/odvjetnik-olujic.hr\/wp-content\/uploads\/2025\/12\/Ured-2-1-2.webp","contentUrl":"https:\/\/odvjetnik-olujic.hr\/wp-content\/uploads\/2025\/12\/Ured-2-1-2.webp","width":1920,"height":1280},{"@type":"BreadcrumbList","@id":"https:\/\/odvjetnik-olujic.hr\/en\/terms-and-conditions\/#breadcrumb","itemListElement":[{"@type":"ListItem","position":1,"name":"Po\u010detna stranica","item":"https:\/\/odvjetnik-olujic.hr\/"},{"@type":"ListItem","position":2,"name":"Terms and Conditions"}]},{"@type":"WebSite","@id":"https:\/\/odvjetnik-olujic.hr\/#website","url":"https:\/\/odvjetnik-olujic.hr\/","name":"Odvjetni\u010dko dru\u0161tvo Oluji\u0107 & partneri","description":"Odvjetni\u010dko dru\u0161tvo Oluji\u0107 &amp; partneri","publisher":{"@id":"https:\/\/odvjetnik-olujic.hr\/#organization"},"potentialAction":[{"@type":"SearchAction","target":{"@type":"EntryPoint","urlTemplate":"https:\/\/odvjetnik-olujic.hr\/?s={search_term_string}"},"query-input":{"@type":"PropertyValueSpecification","valueRequired":true,"valueName":"search_term_string"}}],"inLanguage":"en-US"},{"@type":"Organization","@id":"https:\/\/odvjetnik-olujic.hr\/#organization","name":"Odvjetni\u010dko dru\u0161tvo Oluji\u0107 & partneri","url":"https:\/\/odvjetnik-olujic.hr\/","logo":{"@type":"ImageObject","inLanguage":"en-US","@id":"https:\/\/odvjetnik-olujic.hr\/#\/schema\/logo\/image\/","url":"https:\/\/odvjetnik-olujic.hr\/wp-content\/uploads\/2025\/12\/Ured-2-1.webp","contentUrl":"https:\/\/odvjetnik-olujic.hr\/wp-content\/uploads\/2025\/12\/Ured-2-1.webp","width":1920,"height":1280,"caption":"Odvjetni\u010dko dru\u0161tvo Oluji\u0107 & partneri"},"image":{"@id":"https:\/\/odvjetnik-olujic.hr\/#\/schema\/logo\/image\/"}}]}},"_links":{"self":[{"href":"https:\/\/odvjetnik-olujic.hr\/en\/wp-json\/wp\/v2\/pages\/985","targetHints":{"allow":["GET"]}}],"collection":[{"href":"https:\/\/odvjetnik-olujic.hr\/en\/wp-json\/wp\/v2\/pages"}],"about":[{"href":"https:\/\/odvjetnik-olujic.hr\/en\/wp-json\/wp\/v2\/types\/page"}],"author":[{"embeddable":true,"href":"https:\/\/odvjetnik-olujic.hr\/en\/wp-json\/wp\/v2\/users\/1"}],"replies":[{"embeddable":true,"href":"https:\/\/odvjetnik-olujic.hr\/en\/wp-json\/wp\/v2\/comments?post=985"}],"version-history":[{"count":0,"href":"https:\/\/odvjetnik-olujic.hr\/en\/wp-json\/wp\/v2\/pages\/985\/revisions"}],"wp:featuredmedia":[{"embeddable":true,"href":"https:\/\/odvjetnik-olujic.hr\/en\/wp-json\/wp\/v2\/media\/521"}],"wp:attachment":[{"href":"https:\/\/odvjetnik-olujic.hr\/en\/wp-json\/wp\/v2\/media?parent=985"}],"curies":[{"name":"wp","href":"https:\/\/api.w.org\/{rel}","templated":true}]}}